{"id":3102,"date":"2023-03-22T17:31:47","date_gmt":"2023-03-22T17:31:47","guid":{"rendered":"https:\/\/corman-consulting.com\/?page_id=3102"},"modified":"2024-12-15T19:33:45","modified_gmt":"2024-12-15T19:33:45","slug":"politique-de-cookies","status":"publish","type":"page","link":"https:\/\/corman-consulting.com\/fr\/politique-de-cookies","title":{"rendered":"Politique de cookies"},"content":{"rendered":"<h3>\u00c0 propos de cette politique de cookies<\/h3>\n<p>Cette politique de cookies explique ce que sont les cookies et comment nous les utilisons. Vous devez lire cette politique pour comprendre ce que sont les cookies, comment nous les utilisons, les types de cookies que nous utilisons, c&rsquo;est-\u00e0-dire les informations que nous recueillons \u00e0 l&rsquo;aide des cookies et comment ces informations sont utilis\u00e9es, ainsi que la mani\u00e8re de contr\u00f4ler les pr\u00e9f\u00e9rences des cookies. Pour plus d&rsquo;informations sur la fa\u00e7on dont nous utilisons, stockons et s\u00e9curisons vos donn\u00e9es personnelles, veuillez consulter notre politique de confidentialit\u00e9.<\/p>\n<p>Vous pouvez \u00e0 tout moment modifier ou retirer votre consentement de la d\u00e9claration de cookies sur notre site web.<\/p>\n<p>En savoir plus sur qui nous sommes, comment nous contacter et comment nous traitons les donn\u00e9es personnelles dans notre politique de confidentialit\u00e9.<\/p>\n<p>Votre consentement s&rsquo;applique aux domaines suivants :<\/p>\n<p>Votre \u00e9tat actuel : Consentement accept\u00e9. G\u00e9rer votre consentement.<\/p>\n<h3>Que sont les cookies ?<\/h3>\n<p>Les cookies sont de petits fichiers texte utilis\u00e9s pour stocker de petites informations. Les cookies sont stock\u00e9s sur votre appareil lorsque le site web est charg\u00e9 dans votre navigateur. Ces cookies nous aident \u00e0 faire fonctionner correctement le site web, \u00e0 rendre le site web plus s\u00e9curis\u00e9, \u00e0 offrir une meilleure exp\u00e9rience utilisateur, \u00e0 comprendre le fonctionnement du site web et \u00e0 analyser ce qui fonctionne et o\u00f9 des am\u00e9liorations sont n\u00e9cessaires.<\/p>\n<h3><strong>Comment utilisons-nous les cookies ?<\/strong><\/h3>\n<p>Comme la plupart des services en ligne, notre site web utilise des cookies propri\u00e9taires et de tiers pour diverses raisons. Les cookies propri\u00e9taires sont principalement n\u00e9cessaires au bon fonctionnement du site web et ne collectent aucune donn\u00e9e personnelle vous concernant.<\/p>\n<p>Les cookies de tiers utilis\u00e9s sur nos sites web sont principalement utilis\u00e9s pour comprendre le fonctionnement du site web, comment vous interagissez avec notre site web, maintenir nos services s\u00e9curis\u00e9s, vous fournir des publicit\u00e9s pertinentes pour vous et, en g\u00e9n\u00e9ral, vous offrir une meilleure exp\u00e9rience utilisateur et aider \u00e0 acc\u00e9l\u00e9rer vos futures interactions avec notre site web.<\/p>\n<h3>Quels types de cookies utilisons-nous ?<\/h3>\n<ul>\n<li><strong>Essentiels<\/strong> : Certains cookies sont essentiels pour vous permettre de profiter pleinement de la fonctionnalit\u00e9 de notre site. Ils nous permettent de maintenir des sessions utilisateur et d&rsquo;\u00e9viter les menaces de s\u00e9curit\u00e9. Ils ne collectent ni ne stockent aucune information personnelle. Par exemple, ces cookies vous permettent de vous connecter \u00e0 votre compte, d&rsquo;ajouter des produits \u00e0 votre panier et de payer de mani\u00e8re s\u00e9curis\u00e9e.<\/li>\n<li><strong>Statistiques<\/strong> : Ces cookies stockent des informations telles que le nombre de visiteurs du site, le nombre de visiteurs uniques, les pages du site web qui ont \u00e9t\u00e9 visit\u00e9es, la source de la visite, etc. Ces donn\u00e9es nous aident \u00e0 comprendre et \u00e0 analyser le bon fonctionnement du site web et les domaines n\u00e9cessitant des am\u00e9liorations.<\/li>\n<li><strong>Marketing<\/strong> : Notre site web affiche des annonces. Ces cookies sont utilis\u00e9s pour personnaliser les annonces que nous vous montrons afin qu&rsquo;elles soient pertinentes pour vous. Ces cookies nous aident \u00e9galement \u00e0 suivre l&rsquo;efficacit\u00e9 de ces campagnes publicitaires. Les informations stock\u00e9es dans ces cookies peuvent \u00e9galement \u00eatre utilis\u00e9es par des fournisseurs de publicit\u00e9 tiers pour vous montrer des annonces sur d&rsquo;autres sites web dans votre navigateur.<\/li>\n<li><strong>Fonctionnels<\/strong> : Ces cookies aident \u00e0 certaines fonctionnalit\u00e9s non essentielles de notre site web. Ces fonctionnalit\u00e9s incluent l&rsquo;int\u00e9gration de contenu comme des vid\u00e9os ou le partage de contenu sur le site web via des plateformes de m\u00e9dias sociaux.<\/li>\n<li><strong>Pr\u00e9f\u00e9rences<\/strong> : Ces cookies nous aident \u00e0 stocker vos param\u00e8tres et pr\u00e9f\u00e9rences de navigation, comme la langue pr\u00e9f\u00e9r\u00e9e, afin que vous ayez une meilleure et plus efficace exp\u00e9rience lors de vos futures visites sur le site web.<\/li>\n<\/ul>\n<h3>Comment contr\u00f4ler les pr\u00e9f\u00e9rences de cookies ?<\/h3>\n<p>Si vous souhaitez modifier vos pr\u00e9f\u00e9rences plus tard pendant votre session de navigation, vous pouvez cliquer sur l&rsquo;onglet \u00ab Politique de confidentialit\u00e9 et cookies \u00bb sur votre \u00e9cran. Cela affichera \u00e0 nouveau l&rsquo;avis de consentement, vous permettant de modifier vos pr\u00e9f\u00e9rences ou de retirer compl\u00e8tement votre consentement.<\/p>\n<p>De plus, diff\u00e9rents navigateurs offrent diff\u00e9rentes m\u00e9thodes pour bloquer et supprimer les cookies utilis\u00e9s par les sites web. Vous pouvez modifier les param\u00e8tres de votre navigateur pour bloquer\/supprimer les cookies. Pour en savoir plus sur la gestion et la suppression des cookies, consultez <a href=\"https:\/\/fr.wikipedia.org\/wiki\/Cookie\" target=\"_new\" rel=\"noopener\">wikipedia.org<\/a> ou <a href=\"https:\/\/www.allaboutcookies.org\" target=\"_new\" rel=\"noopener\">www.allaboutcookies.org<\/a>.<\/p>\n","protected":false},"excerpt":{"rendered":"<p>\u00c0 propos de cette politique de cookies Cette politique de [&hellip;]<\/p>\n","protected":false},"author":2,"featured_media":0,"parent":0,"menu_order":0,"comment_status":"closed","ping_status":"open","template":"","meta":{"footnotes":""},"class_list":["post-3102","page","type-page","status-publish","hentry"],"_links":{"self":[{"href":"https:\/\/corman-consulting.com\/fr\/wp-json\/wp\/v2\/pages\/3102","targetHints":{"allow":["GET"]}}],"collection":[{"href":"https:\/\/corman-consulting.com\/fr\/wp-json\/wp\/v2\/pages"}],"about":[{"href":"https:\/\/corman-consulting.com\/fr\/wp-json\/wp\/v2\/types\/page"}],"author":[{"embeddable":true,"href":"https:\/\/corman-consulting.com\/fr\/wp-json\/wp\/v2\/users\/2"}],"replies":[{"embeddable":true,"href":"https:\/\/corman-consulting.com\/fr\/wp-json\/wp\/v2\/comments?post=3102"}],"version-history":[{"count":2,"href":"https:\/\/corman-consulting.com\/fr\/wp-json\/wp\/v2\/pages\/3102\/revisions"}],"predecessor-version":[{"id":3104,"href":"https:\/\/corman-consulting.com\/fr\/wp-json\/wp\/v2\/pages\/3102\/revisions\/3104"}],"wp:attachment":[{"href":"https:\/\/corman-consulting.com\/fr\/wp-json\/wp\/v2\/media?parent=3102"}],"curies":[{"name":"wp","href":"https:\/\/api.w.org\/{rel}","templated":true}]}}